{"id":644,"date":"2022-11-02T13:08:56","date_gmt":"2022-11-02T13:08:56","guid":{"rendered":"https:\/\/kttc.searacon.nl\/?page_id=644"},"modified":"2023-01-19T14:21:20","modified_gmt":"2023-01-19T14:21:20","slug":"bemerken","status":"publish","type":"page","link":"https:\/\/kttc.nl\/de\/bemerken\/","title":{"rendered":"Bemerken"},"content":{"rendered":"\n<p><strong>Gro\u00dfes Lager an Teilen vieler Marken<\/strong><br>F\u00fcr eine schnelle Durchlaufzeit bei Wartung und Reparatur ist unter anderem die Verf\u00fcgbarkeit von Teilen entscheidend. Sie finden im umfangreichen KTTC-Lager g\u00e4ngige Teile der meisten Marken. Alles, was nicht auf Lager ist, wird in der Regel innerhalb von 48 Stunden vom Hersteller geliefert.<\/p>\n\n\n\n<p><strong>Schneller Service und wettbewerbsf\u00e4hige Preise<\/strong><br>Sie m\u00f6chten nicht nur einen schnellen Service, sondern auch einen g\u00fcnstigen Preis. KTTC bietet \u00e4u\u00dferst wettbewerbsf\u00e4hige Preise f\u00fcr alle g\u00e4ngigen Teile. Dar\u00fcber hinaus erhalten Sie bei uns auch fachkundigen Rat. Bei Fragen zu Teilen oder wenn Sie eine Bestellung aufgeben m\u00f6chten, wenden Sie sich bitte an das Lager ( <a href=\"mailto:magazijn@kttc.nl\">magazijn@kttc.nl<\/a> ).<\/p>\n","protected":false},"excerpt":{"rendered":"Gro\u00dfes Lager an Teilen vieler MarkenF\u00fcr eine schnelle Durchlaufzeit bei Wartung und Reparatur ist unter anderem die Verf\u00fcgbarkeit von Teilen entscheidend. Sie finden im umfangreichen KTTC-Lager g\u00e4ngige Teile der meisten Marken. Alles, was nicht auf Lager ist, wird in der Regel innerhalb von 48 Stunden vom Hersteller geliefert. Schneller Service und wettbewerbsf\u00e4hige PreiseSie m\u00f6chten nicht&#8230; <div class=\"excerpt\"> <a class=\"view-article\" href=\"https:\/\/kttc.nl\/de\/bemerken\/\">Mehr zu diesem Thema <i class=\"fas fa-long-arrow-alt-right\"><\/i> <\/a> <\/div>","protected":false},"author":1,"featured_media":0,"parent":0,"menu_order":0,"comment_status":"closed","ping_status":"closed","template":"","meta":{"_acf_changed":false,"inline_featured_image":false,"footnotes":""},"class_list":["post-644","page","type-page","status-publish","hentry"],"acf":[],"yoast_head":"<!-- This site is optimized with the Yoast SEO plugin v27.2 - https:\/\/yoast.com\/product\/yoast-seo-wordpress\/ -->\n<title>Bemerken - Kraker Truck &amp; Trailer Care<\/title>\n<meta name=\"robots\" content=\"index, follow, max-snippet:-1, max-image-preview:large, max-video-preview:-1\" \/>\n<link rel=\"canonical\" href=\"https:\/\/kttc.nl\/de\/bemerken\/\" \/>\n<meta property=\"og:locale\" content=\"de_DE\" \/>\n<meta property=\"og:type\" content=\"article\" \/>\n<meta property=\"og:title\" content=\"Bemerken - Kraker Truck &amp; Trailer Care\" \/>\n<meta property=\"og:description\" content=\"Gro\u00dfes Lager an Teilen vieler MarkenF\u00fcr eine schnelle Durchlaufzeit bei Wartung und Reparatur ist unter anderem die Verf\u00fcgbarkeit von Teilen entscheidend. Sie finden im umfangreichen KTTC-Lager g\u00e4ngige Teile der meisten Marken. Alles, was nicht auf Lager ist, wird in der Regel innerhalb von 48 Stunden vom Hersteller geliefert. Schneller Service und wettbewerbsf\u00e4hige PreiseSie m\u00f6chten nicht... Mehr zu diesem Thema\" \/>\n<meta property=\"og:url\" content=\"https:\/\/kttc.nl\/de\/bemerken\/\" \/>\n<meta property=\"og:site_name\" content=\"Kraker Truck &amp; Trailer Care\" \/>\n<meta property=\"article:publisher\" content=\"https:\/\/www.facebook.com\/KTTCNisse\" \/>\n<meta property=\"article:modified_time\" content=\"2023-01-19T14:21:20+00:00\" \/>\n<meta name=\"twitter:card\" content=\"summary_large_image\" \/>\n<meta name=\"twitter:label1\" content=\"Gesch\u00e4tzte Lesezeit\" \/>\n\t<meta name=\"twitter:data1\" content=\"1\u00a0Minute\" \/>\n<script type=\"application\/ld+json\" class=\"yoast-schema-graph\">{\"@context\":\"https:\/\/schema.org\",\"@graph\":[{\"@type\":\"WebPage\",\"@id\":\"https:\/\/kttc.nl\/de\/bemerken\/\",\"url\":\"https:\/\/kttc.nl\/de\/bemerken\/\",\"name\":\"Bemerken - Kraker Truck &amp; Trailer Care\",\"isPartOf\":{\"@id\":\"https:\/\/kttc.nl\/#website\"},\"datePublished\":\"2022-11-02T13:08:56+00:00\",\"dateModified\":\"2023-01-19T14:21:20+00:00\",\"breadcrumb\":{\"@id\":\"https:\/\/kttc.nl\/de\/bemerken\/#breadcrumb\"},\"inLanguage\":\"de\",\"potentialAction\":[{\"@type\":\"ReadAction\",\"target\":[\"https:\/\/kttc.nl\/de\/bemerken\/\"]}]},{\"@type\":\"BreadcrumbList\",\"@id\":\"https:\/\/kttc.nl\/de\/bemerken\/#breadcrumb\",\"itemListElement\":[{\"@type\":\"ListItem\",\"position\":1,\"name\":\"Home\",\"item\":\"https:\/\/kttc.nl\/de\/\"},{\"@type\":\"ListItem\",\"position\":2,\"name\":\"Bemerken\"}]},{\"@type\":\"WebSite\",\"@id\":\"https:\/\/kttc.nl\/#website\",\"url\":\"https:\/\/kttc.nl\/\",\"name\":\"Kraker Truck &amp; Trailer Care\",\"description\":\"Kies voor de zekerheid van vakmanschap, kies voor KTTC! KTTC (Kraker Truck &amp; Trailer Care) repareert, reviseert en onderhoudt alle merken trucks en trailers.\",\"publisher\":{\"@id\":\"https:\/\/kttc.nl\/#organization\"},\"potentialAction\":[{\"@type\":\"SearchAction\",\"target\":{\"@type\":\"EntryPoint\",\"urlTemplate\":\"https:\/\/kttc.nl\/?s={search_term_string}\"},\"query-input\":{\"@type\":\"PropertyValueSpecification\",\"valueRequired\":true,\"valueName\":\"search_term_string\"}}],\"inLanguage\":\"de\"},{\"@type\":\"Organization\",\"@id\":\"https:\/\/kttc.nl\/#organization\",\"name\":\"Kraker Truck &amp; Trailer Care\",\"url\":\"https:\/\/kttc.nl\/\",\"logo\":{\"@type\":\"ImageObject\",\"inLanguage\":\"de\",\"@id\":\"https:\/\/kttc.nl\/#\/schema\/logo\/image\/\",\"url\":\"https:\/\/kttc.nl\/wp-content\/uploads\/2023\/01\/logo_KTTC.svg\",\"contentUrl\":\"https:\/\/kttc.nl\/wp-content\/uploads\/2023\/01\/logo_KTTC.svg\",\"width\":\"1024\",\"height\":\"1024\",\"caption\":\"Kraker Truck &amp; Trailer Care\"},\"image\":{\"@id\":\"https:\/\/kttc.nl\/#\/schema\/logo\/image\/\"},\"sameAs\":[\"https:\/\/www.facebook.com\/KTTCNisse\",\"https:\/\/www.instagram.com\/garage_kttc\/\"]}]}<\/script>\n<!-- \/ Yoast SEO plugin. -->","yoast_head_json":{"title":"Bemerken - Kraker Truck &amp; Trailer Care","robots":{"index":"index","follow":"follow","max-snippet":"max-snippet:-1","max-image-preview":"max-image-preview:large","max-video-preview":"max-video-preview:-1"},"canonical":"https:\/\/kttc.nl\/de\/bemerken\/","og_locale":"de_DE","og_type":"article","og_title":"Bemerken - Kraker Truck &amp; Trailer Care","og_description":"Gro\u00dfes Lager an Teilen vieler MarkenF\u00fcr eine schnelle Durchlaufzeit bei Wartung und Reparatur ist unter anderem die Verf\u00fcgbarkeit von Teilen entscheidend. Sie finden im umfangreichen KTTC-Lager g\u00e4ngige Teile der meisten Marken. Alles, was nicht auf Lager ist, wird in der Regel innerhalb von 48 Stunden vom Hersteller geliefert. Schneller Service und wettbewerbsf\u00e4hige PreiseSie m\u00f6chten nicht... Mehr zu diesem Thema","og_url":"https:\/\/kttc.nl\/de\/bemerken\/","og_site_name":"Kraker Truck &amp; Trailer Care","article_publisher":"https:\/\/www.facebook.com\/KTTCNisse","article_modified_time":"2023-01-19T14:21:20+00:00","twitter_card":"summary_large_image","twitter_misc":{"Gesch\u00e4tzte Lesezeit":"1\u00a0Minute"},"schema":{"@context":"https:\/\/schema.org","@graph":[{"@type":"WebPage","@id":"https:\/\/kttc.nl\/de\/bemerken\/","url":"https:\/\/kttc.nl\/de\/bemerken\/","name":"Bemerken - Kraker Truck &amp; Trailer Care","isPartOf":{"@id":"https:\/\/kttc.nl\/#website"},"datePublished":"2022-11-02T13:08:56+00:00","dateModified":"2023-01-19T14:21:20+00:00","breadcrumb":{"@id":"https:\/\/kttc.nl\/de\/bemerken\/#breadcrumb"},"inLanguage":"de","potentialAction":[{"@type":"ReadAction","target":["https:\/\/kttc.nl\/de\/bemerken\/"]}]},{"@type":"BreadcrumbList","@id":"https:\/\/kttc.nl\/de\/bemerken\/#breadcrumb","itemListElement":[{"@type":"ListItem","position":1,"name":"Home","item":"https:\/\/kttc.nl\/de\/"},{"@type":"ListItem","position":2,"name":"Bemerken"}]},{"@type":"WebSite","@id":"https:\/\/kttc.nl\/#website","url":"https:\/\/kttc.nl\/","name":"Kraker Truck &amp; Trailer Care","description":"Kies voor de zekerheid van vakmanschap, kies voor KTTC! KTTC (Kraker Truck &amp; Trailer Care) repareert, reviseert en onderhoudt alle merken trucks en trailers.","publisher":{"@id":"https:\/\/kttc.nl\/#organization"},"potentialAction":[{"@type":"SearchAction","target":{"@type":"EntryPoint","urlTemplate":"https:\/\/kttc.nl\/?s={search_term_string}"},"query-input":{"@type":"PropertyValueSpecification","valueRequired":true,"valueName":"search_term_string"}}],"inLanguage":"de"},{"@type":"Organization","@id":"https:\/\/kttc.nl\/#organization","name":"Kraker Truck &amp; Trailer Care","url":"https:\/\/kttc.nl\/","logo":{"@type":"ImageObject","inLanguage":"de","@id":"https:\/\/kttc.nl\/#\/schema\/logo\/image\/","url":"https:\/\/kttc.nl\/wp-content\/uploads\/2023\/01\/logo_KTTC.svg","contentUrl":"https:\/\/kttc.nl\/wp-content\/uploads\/2023\/01\/logo_KTTC.svg","width":"1024","height":"1024","caption":"Kraker Truck &amp; Trailer Care"},"image":{"@id":"https:\/\/kttc.nl\/#\/schema\/logo\/image\/"},"sameAs":["https:\/\/www.facebook.com\/KTTCNisse","https:\/\/www.instagram.com\/garage_kttc\/"]}]}},"_links":{"self":[{"href":"https:\/\/kttc.nl\/de\/wp-json\/wp\/v2\/pages\/644","targetHints":{"allow":["GET"]}}],"collection":[{"href":"https:\/\/kttc.nl\/de\/wp-json\/wp\/v2\/pages"}],"about":[{"href":"https:\/\/kttc.nl\/de\/wp-json\/wp\/v2\/types\/page"}],"author":[{"embeddable":true,"href":"https:\/\/kttc.nl\/de\/wp-json\/wp\/v2\/users\/1"}],"replies":[{"embeddable":true,"href":"https:\/\/kttc.nl\/de\/wp-json\/wp\/v2\/comments?post=644"}],"version-history":[{"count":3,"href":"https:\/\/kttc.nl\/de\/wp-json\/wp\/v2\/pages\/644\/revisions"}],"predecessor-version":[{"id":647,"href":"https:\/\/kttc.nl\/de\/wp-json\/wp\/v2\/pages\/644\/revisions\/647"}],"wp:attachment":[{"href":"https:\/\/kttc.nl\/de\/wp-json\/wp\/v2\/media?parent=644"}],"curies":[{"name":"wp","href":"https:\/\/api.w.org\/{rel}","templated":true}]}}