{"id":648,"date":"2022-11-02T13:08:11","date_gmt":"2022-11-02T13:08:11","guid":{"rendered":"https:\/\/kttc.searacon.nl\/?page_id=648"},"modified":"2023-01-19T14:25:25","modified_gmt":"2023-01-19T14:25:25","slug":"schaeden","status":"publish","type":"page","link":"https:\/\/kttc.nl\/de\/schaeden\/","title":{"rendered":"Sch\u00e4den"},"content":{"rendered":"\n<p>KTTC f\u00fchrt s\u00e4mtliche Arbeiten zur Behebung von Sch\u00e4den an allen Fahrzeugtypen durch, mit einer Spezialisierung auf Schubbodenauflieger. Die Reparatur des Bodensystems eines Schubbodenaufliegers zum Beispiel erfordert Handwerkskunst. Und das finden Sie bei KTTC. Dank jahrelanger Erfahrung mit Walking Floors (Schubb\u00f6den) wei\u00df unser Team genau, wo die Knackpunkte liegen.<br><br>Und deshalb wird die Behebung von Sch\u00e4den an Ihrem Auflieger schnell, effizient und kostenbewusst durchgef\u00fchrt.<\/p>\n","protected":false},"excerpt":{"rendered":"KTTC f\u00fchrt s\u00e4mtliche Arbeiten zur Behebung von Sch\u00e4den an allen Fahrzeugtypen durch, mit einer Spezialisierung auf Schubbodenauflieger. Die Reparatur des Bodensystems eines Schubbodenaufliegers zum Beispiel erfordert Handwerkskunst. Und das finden Sie bei KTTC. Dank jahrelanger Erfahrung mit Walking Floors (Schubb\u00f6den) wei\u00df unser Team genau, wo die Knackpunkte liegen. Und deshalb wird die Behebung von Sch\u00e4den&#8230; <div class=\"excerpt\"> <a class=\"view-article\" href=\"https:\/\/kttc.nl\/de\/schaeden\/\">Mehr zu diesem Thema <i class=\"fas fa-long-arrow-alt-right\"><\/i> <\/a> <\/div>","protected":false},"author":1,"featured_media":0,"parent":0,"menu_order":0,"comment_status":"closed","ping_status":"closed","template":"","meta":{"_acf_changed":false,"inline_featured_image":false,"footnotes":""},"class_list":["post-648","page","type-page","status-publish","hentry"],"acf":[],"yoast_head":"<!-- This site is optimized with the Yoast SEO plugin v27.5 - https:\/\/yoast.com\/product\/yoast-seo-wordpress\/ -->\n<title>Sch\u00e4den - Kraker Truck &amp; Trailer Care<\/title>\n<meta name=\"robots\" content=\"index, follow, max-snippet:-1, max-image-preview:large, max-video-preview:-1\" \/>\n<link rel=\"canonical\" href=\"https:\/\/kttc.nl\/de\/schaeden\/\" \/>\n<meta property=\"og:locale\" content=\"de_DE\" \/>\n<meta property=\"og:type\" content=\"article\" \/>\n<meta property=\"og:title\" content=\"Sch\u00e4den - Kraker Truck &amp; Trailer Care\" \/>\n<meta property=\"og:description\" content=\"KTTC f\u00fchrt s\u00e4mtliche Arbeiten zur Behebung von Sch\u00e4den an allen Fahrzeugtypen durch, mit einer Spezialisierung auf Schubbodenauflieger. Die Reparatur des Bodensystems eines Schubbodenaufliegers zum Beispiel erfordert Handwerkskunst. Und das finden Sie bei KTTC. Dank jahrelanger Erfahrung mit Walking Floors (Schubb\u00f6den) wei\u00df unser Team genau, wo die Knackpunkte liegen. Und deshalb wird die Behebung von Sch\u00e4den... Mehr zu diesem Thema\" \/>\n<meta property=\"og:url\" content=\"https:\/\/kttc.nl\/de\/schaeden\/\" \/>\n<meta property=\"og:site_name\" content=\"Kraker Truck &amp; Trailer Care\" \/>\n<meta property=\"article:publisher\" content=\"https:\/\/www.facebook.com\/KTTCNisse\" \/>\n<meta property=\"article:modified_time\" content=\"2023-01-19T14:25:25+00:00\" \/>\n<meta name=\"twitter:card\" content=\"summary_large_image\" \/>\n<script type=\"application\/ld+json\" class=\"yoast-schema-graph\">{\"@context\":\"https:\\\/\\\/schema.org\",\"@graph\":[{\"@type\":\"WebPage\",\"@id\":\"https:\\\/\\\/kttc.nl\\\/de\\\/schaeden\\\/\",\"url\":\"https:\\\/\\\/kttc.nl\\\/de\\\/schaeden\\\/\",\"name\":\"Sch\u00e4den - Kraker Truck &amp; Trailer Care\",\"isPartOf\":{\"@id\":\"https:\\\/\\\/kttc.nl\\\/#website\"},\"datePublished\":\"2022-11-02T13:08:11+00:00\",\"dateModified\":\"2023-01-19T14:25:25+00:00\",\"breadcrumb\":{\"@id\":\"https:\\\/\\\/kttc.nl\\\/de\\\/schaeden\\\/#breadcrumb\"},\"inLanguage\":\"de\",\"potentialAction\":[{\"@type\":\"ReadAction\",\"target\":[\"https:\\\/\\\/kttc.nl\\\/de\\\/schaeden\\\/\"]}]},{\"@type\":\"BreadcrumbList\",\"@id\":\"https:\\\/\\\/kttc.nl\\\/de\\\/schaeden\\\/#breadcrumb\",\"itemListElement\":[{\"@type\":\"ListItem\",\"position\":1,\"name\":\"Home\",\"item\":\"https:\\\/\\\/kttc.nl\\\/de\\\/\"},{\"@type\":\"ListItem\",\"position\":2,\"name\":\"Sch\u00e4den\"}]},{\"@type\":\"WebSite\",\"@id\":\"https:\\\/\\\/kttc.nl\\\/#website\",\"url\":\"https:\\\/\\\/kttc.nl\\\/\",\"name\":\"Kraker Truck &amp; Trailer Care\",\"description\":\"Kies voor de zekerheid van vakmanschap, kies voor KTTC! KTTC (Kraker Truck &amp; Trailer Care) repareert, reviseert en onderhoudt alle merken trucks en trailers.\",\"publisher\":{\"@id\":\"https:\\\/\\\/kttc.nl\\\/#organization\"},\"potentialAction\":[{\"@type\":\"SearchAction\",\"target\":{\"@type\":\"EntryPoint\",\"urlTemplate\":\"https:\\\/\\\/kttc.nl\\\/?s={search_term_string}\"},\"query-input\":{\"@type\":\"PropertyValueSpecification\",\"valueRequired\":true,\"valueName\":\"search_term_string\"}}],\"inLanguage\":\"de\"},{\"@type\":\"Organization\",\"@id\":\"https:\\\/\\\/kttc.nl\\\/#organization\",\"name\":\"Kraker Truck &amp; Trailer Care\",\"url\":\"https:\\\/\\\/kttc.nl\\\/\",\"logo\":{\"@type\":\"ImageObject\",\"inLanguage\":\"de\",\"@id\":\"https:\\\/\\\/kttc.nl\\\/#\\\/schema\\\/logo\\\/image\\\/\",\"url\":\"https:\\\/\\\/kttc.nl\\\/wp-content\\\/uploads\\\/2023\\\/01\\\/logo_KTTC.svg\",\"contentUrl\":\"https:\\\/\\\/kttc.nl\\\/wp-content\\\/uploads\\\/2023\\\/01\\\/logo_KTTC.svg\",\"width\":\"1024\",\"height\":\"1024\",\"caption\":\"Kraker Truck &amp; Trailer Care\"},\"image\":{\"@id\":\"https:\\\/\\\/kttc.nl\\\/#\\\/schema\\\/logo\\\/image\\\/\"},\"sameAs\":[\"https:\\\/\\\/www.facebook.com\\\/KTTCNisse\",\"https:\\\/\\\/www.instagram.com\\\/garage_kttc\\\/\"]}]}<\/script>\n<!-- \/ Yoast SEO plugin. -->","yoast_head_json":{"title":"Sch\u00e4den - Kraker Truck &amp; Trailer Care","robots":{"index":"index","follow":"follow","max-snippet":"max-snippet:-1","max-image-preview":"max-image-preview:large","max-video-preview":"max-video-preview:-1"},"canonical":"https:\/\/kttc.nl\/de\/schaeden\/","og_locale":"de_DE","og_type":"article","og_title":"Sch\u00e4den - Kraker Truck &amp; Trailer Care","og_description":"KTTC f\u00fchrt s\u00e4mtliche Arbeiten zur Behebung von Sch\u00e4den an allen Fahrzeugtypen durch, mit einer Spezialisierung auf Schubbodenauflieger. Die Reparatur des Bodensystems eines Schubbodenaufliegers zum Beispiel erfordert Handwerkskunst. Und das finden Sie bei KTTC. Dank jahrelanger Erfahrung mit Walking Floors (Schubb\u00f6den) wei\u00df unser Team genau, wo die Knackpunkte liegen. Und deshalb wird die Behebung von Sch\u00e4den... Mehr zu diesem Thema","og_url":"https:\/\/kttc.nl\/de\/schaeden\/","og_site_name":"Kraker Truck &amp; Trailer Care","article_publisher":"https:\/\/www.facebook.com\/KTTCNisse","article_modified_time":"2023-01-19T14:25:25+00:00","twitter_card":"summary_large_image","schema":{"@context":"https:\/\/schema.org","@graph":[{"@type":"WebPage","@id":"https:\/\/kttc.nl\/de\/schaeden\/","url":"https:\/\/kttc.nl\/de\/schaeden\/","name":"Sch\u00e4den - Kraker Truck &amp; Trailer Care","isPartOf":{"@id":"https:\/\/kttc.nl\/#website"},"datePublished":"2022-11-02T13:08:11+00:00","dateModified":"2023-01-19T14:25:25+00:00","breadcrumb":{"@id":"https:\/\/kttc.nl\/de\/schaeden\/#breadcrumb"},"inLanguage":"de","potentialAction":[{"@type":"ReadAction","target":["https:\/\/kttc.nl\/de\/schaeden\/"]}]},{"@type":"BreadcrumbList","@id":"https:\/\/kttc.nl\/de\/schaeden\/#breadcrumb","itemListElement":[{"@type":"ListItem","position":1,"name":"Home","item":"https:\/\/kttc.nl\/de\/"},{"@type":"ListItem","position":2,"name":"Sch\u00e4den"}]},{"@type":"WebSite","@id":"https:\/\/kttc.nl\/#website","url":"https:\/\/kttc.nl\/","name":"Kraker Truck &amp; Trailer Care","description":"Kies voor de zekerheid van vakmanschap, kies voor KTTC! KTTC (Kraker Truck &amp; Trailer Care) repareert, reviseert en onderhoudt alle merken trucks en trailers.","publisher":{"@id":"https:\/\/kttc.nl\/#organization"},"potentialAction":[{"@type":"SearchAction","target":{"@type":"EntryPoint","urlTemplate":"https:\/\/kttc.nl\/?s={search_term_string}"},"query-input":{"@type":"PropertyValueSpecification","valueRequired":true,"valueName":"search_term_string"}}],"inLanguage":"de"},{"@type":"Organization","@id":"https:\/\/kttc.nl\/#organization","name":"Kraker Truck &amp; Trailer Care","url":"https:\/\/kttc.nl\/","logo":{"@type":"ImageObject","inLanguage":"de","@id":"https:\/\/kttc.nl\/#\/schema\/logo\/image\/","url":"https:\/\/kttc.nl\/wp-content\/uploads\/2023\/01\/logo_KTTC.svg","contentUrl":"https:\/\/kttc.nl\/wp-content\/uploads\/2023\/01\/logo_KTTC.svg","width":"1024","height":"1024","caption":"Kraker Truck &amp; Trailer Care"},"image":{"@id":"https:\/\/kttc.nl\/#\/schema\/logo\/image\/"},"sameAs":["https:\/\/www.facebook.com\/KTTCNisse","https:\/\/www.instagram.com\/garage_kttc\/"]}]}},"_links":{"self":[{"href":"https:\/\/kttc.nl\/de\/wp-json\/wp\/v2\/pages\/648","targetHints":{"allow":["GET"]}}],"collection":[{"href":"https:\/\/kttc.nl\/de\/wp-json\/wp\/v2\/pages"}],"about":[{"href":"https:\/\/kttc.nl\/de\/wp-json\/wp\/v2\/types\/page"}],"author":[{"embeddable":true,"href":"https:\/\/kttc.nl\/de\/wp-json\/wp\/v2\/users\/1"}],"replies":[{"embeddable":true,"href":"https:\/\/kttc.nl\/de\/wp-json\/wp\/v2\/comments?post=648"}],"version-history":[{"count":2,"href":"https:\/\/kttc.nl\/de\/wp-json\/wp\/v2\/pages\/648\/revisions"}],"predecessor-version":[{"id":650,"href":"https:\/\/kttc.nl\/de\/wp-json\/wp\/v2\/pages\/648\/revisions\/650"}],"wp:attachment":[{"href":"https:\/\/kttc.nl\/de\/wp-json\/wp\/v2\/media?parent=648"}],"curies":[{"name":"wp","href":"https:\/\/api.w.org\/{rel}","templated":true}]}}