{"id":651,"date":"2022-11-02T13:07:57","date_gmt":"2022-11-02T13:07:57","guid":{"rendered":"https:\/\/kttc.searacon.nl\/?page_id=651"},"modified":"2023-01-19T14:28:51","modified_gmt":"2023-01-19T14:28:51","slug":"wartung-und-reparatur","status":"publish","type":"page","link":"https:\/\/kttc.nl\/de\/wartung-und-reparatur\/","title":{"rendered":"Wartung und Reparatur"},"content":{"rendered":"\n<p>KTTC bietet ein vollst\u00e4ndiges Paket f\u00fcr die Wartung und Reparatur von abgeschleppten Fahrzeugen. Kleine Reparaturen oder gr\u00f6\u00dfere Wartungsarbeiten: KTTC \u00fcbernimmt diese Aufgabe f\u00fcr Sie. KTTC ist mit 3 modernen Werkst\u00e4tten gut daf\u00fcr ausgestattet. Eine Werkstatt dient der Wartung und Reparatur von Lkws, die beiden anderen f\u00fcr Arbeiten an abgeschleppten Ger\u00e4ten. Dar\u00fcber hinaus verf\u00fcgt KTTC \u00fcber eine voll ausgestattete Spritzkabine und einen Bremsenpr\u00fcfstand. KTTC verf\u00fcgt \u00fcber die erforderliche Diagnosetechnik zum Auslesen der Fahrzeugelektronik.<br><br>Auf der Grundlage der Informationen aus den verschiedenen Tests ber\u00e4t KTTC Sie und f\u00fchrt bei Bedarf Wartungen oder Reparaturen durch. Eine korrekte Ausrichtung der Reifen verringert den Reifenverschlei\u00df und wirkt sich positiv auf den Kraftstoffverbrauch aus. KTTC f\u00fchrt die Auswuchtung Ihrer Reifen durch und ber\u00e4t Sie bei der Wahl des f\u00fcr Ihr Transportmittel geeigneten Reifentyps.<\/p>\n\n\n\n<p>Bei den Arbeiten von KTTC werden allerlei Fl\u00fcssigkeiten freigesetzt, zum Beispiel \u00d6l und K\u00fchlmittel. Diese m\u00fcssen auf verantwortungsvolle Weise entsorgt werden. KTTC hat daf\u00fcr die perfekte L\u00f6sung. Die Fl\u00fcssigkeiten werden von der Br\u00fccke abgelassen und in Spezialf\u00e4ssern aufgefangen. Diese F\u00e4sser stehen in einem separaten, unterirdischen Raum. Hier k\u00f6nnen Sie einen Termin mit der Werkstatt f\u00fcr Lkw oder Auflieger vereinbaren.<\/p>\n","protected":false},"excerpt":{"rendered":"KTTC bietet ein vollst\u00e4ndiges Paket f\u00fcr die Wartung und Reparatur von abgeschleppten Fahrzeugen. Kleine Reparaturen oder gr\u00f6\u00dfere Wartungsarbeiten: KTTC \u00fcbernimmt diese Aufgabe f\u00fcr Sie. KTTC ist mit 3 modernen Werkst\u00e4tten gut daf\u00fcr ausgestattet. Eine Werkstatt dient der Wartung und Reparatur von Lkws, die beiden anderen f\u00fcr Arbeiten an abgeschleppten Ger\u00e4ten. Dar\u00fcber hinaus verf\u00fcgt KTTC \u00fcber&#8230; <div class=\"excerpt\"> <a class=\"view-article\" href=\"https:\/\/kttc.nl\/de\/wartung-und-reparatur\/\">Mehr zu diesem Thema <i class=\"fas fa-long-arrow-alt-right\"><\/i> <\/a> <\/div>","protected":false},"author":1,"featured_media":0,"parent":0,"menu_order":0,"comment_status":"closed","ping_status":"closed","template":"","meta":{"_acf_changed":false,"inline_featured_image":false,"footnotes":""},"class_list":["post-651","page","type-page","status-publish","hentry"],"acf":[],"yoast_head":"<!-- This site is optimized with the Yoast SEO plugin v27.5 - https:\/\/yoast.com\/product\/yoast-seo-wordpress\/ -->\n<title>Wartung und Reparatur - Kraker Truck &amp; Trailer Care<\/title>\n<meta name=\"robots\" content=\"index, follow, max-snippet:-1, max-image-preview:large, max-video-preview:-1\" \/>\n<link rel=\"canonical\" href=\"https:\/\/kttc.nl\/de\/wartung-und-reparatur\/\" \/>\n<meta property=\"og:locale\" content=\"de_DE\" \/>\n<meta property=\"og:type\" content=\"article\" \/>\n<meta property=\"og:title\" content=\"Wartung und Reparatur - Kraker Truck &amp; Trailer Care\" \/>\n<meta property=\"og:description\" content=\"KTTC bietet ein vollst\u00e4ndiges Paket f\u00fcr die Wartung und Reparatur von abgeschleppten Fahrzeugen. Kleine Reparaturen oder gr\u00f6\u00dfere Wartungsarbeiten: KTTC \u00fcbernimmt diese Aufgabe f\u00fcr Sie. KTTC ist mit 3 modernen Werkst\u00e4tten gut daf\u00fcr ausgestattet. Eine Werkstatt dient der Wartung und Reparatur von Lkws, die beiden anderen f\u00fcr Arbeiten an abgeschleppten Ger\u00e4ten. Dar\u00fcber hinaus verf\u00fcgt KTTC \u00fcber... Mehr zu diesem Thema\" \/>\n<meta property=\"og:url\" content=\"https:\/\/kttc.nl\/de\/wartung-und-reparatur\/\" \/>\n<meta property=\"og:site_name\" content=\"Kraker Truck &amp; Trailer Care\" \/>\n<meta property=\"article:publisher\" content=\"https:\/\/www.facebook.com\/KTTCNisse\" \/>\n<meta property=\"article:modified_time\" content=\"2023-01-19T14:28:51+00:00\" \/>\n<meta name=\"twitter:card\" content=\"summary_large_image\" \/>\n<meta name=\"twitter:label1\" content=\"Gesch\u00e4tzte Lesezeit\" \/>\n\t<meta name=\"twitter:data1\" content=\"1\u00a0Minute\" \/>\n<script type=\"application\/ld+json\" class=\"yoast-schema-graph\">{\"@context\":\"https:\\\/\\\/schema.org\",\"@graph\":[{\"@type\":\"WebPage\",\"@id\":\"https:\\\/\\\/kttc.nl\\\/de\\\/wartung-und-reparatur\\\/\",\"url\":\"https:\\\/\\\/kttc.nl\\\/de\\\/wartung-und-reparatur\\\/\",\"name\":\"Wartung und Reparatur - Kraker Truck &amp; Trailer Care\",\"isPartOf\":{\"@id\":\"https:\\\/\\\/kttc.nl\\\/#website\"},\"datePublished\":\"2022-11-02T13:07:57+00:00\",\"dateModified\":\"2023-01-19T14:28:51+00:00\",\"breadcrumb\":{\"@id\":\"https:\\\/\\\/kttc.nl\\\/de\\\/wartung-und-reparatur\\\/#breadcrumb\"},\"inLanguage\":\"de\",\"potentialAction\":[{\"@type\":\"ReadAction\",\"target\":[\"https:\\\/\\\/kttc.nl\\\/de\\\/wartung-und-reparatur\\\/\"]}]},{\"@type\":\"BreadcrumbList\",\"@id\":\"https:\\\/\\\/kttc.nl\\\/de\\\/wartung-und-reparatur\\\/#breadcrumb\",\"itemListElement\":[{\"@type\":\"ListItem\",\"position\":1,\"name\":\"Home\",\"item\":\"https:\\\/\\\/kttc.nl\\\/de\\\/\"},{\"@type\":\"ListItem\",\"position\":2,\"name\":\"Wartung und Reparatur\"}]},{\"@type\":\"WebSite\",\"@id\":\"https:\\\/\\\/kttc.nl\\\/#website\",\"url\":\"https:\\\/\\\/kttc.nl\\\/\",\"name\":\"Kraker Truck &amp; Trailer Care\",\"description\":\"Kies voor de zekerheid van vakmanschap, kies voor KTTC! KTTC (Kraker Truck &amp; Trailer Care) repareert, reviseert en onderhoudt alle merken trucks en trailers.\",\"publisher\":{\"@id\":\"https:\\\/\\\/kttc.nl\\\/#organization\"},\"potentialAction\":[{\"@type\":\"SearchAction\",\"target\":{\"@type\":\"EntryPoint\",\"urlTemplate\":\"https:\\\/\\\/kttc.nl\\\/?s={search_term_string}\"},\"query-input\":{\"@type\":\"PropertyValueSpecification\",\"valueRequired\":true,\"valueName\":\"search_term_string\"}}],\"inLanguage\":\"de\"},{\"@type\":\"Organization\",\"@id\":\"https:\\\/\\\/kttc.nl\\\/#organization\",\"name\":\"Kraker Truck &amp; Trailer Care\",\"url\":\"https:\\\/\\\/kttc.nl\\\/\",\"logo\":{\"@type\":\"ImageObject\",\"inLanguage\":\"de\",\"@id\":\"https:\\\/\\\/kttc.nl\\\/#\\\/schema\\\/logo\\\/image\\\/\",\"url\":\"https:\\\/\\\/kttc.nl\\\/wp-content\\\/uploads\\\/2023\\\/01\\\/logo_KTTC.svg\",\"contentUrl\":\"https:\\\/\\\/kttc.nl\\\/wp-content\\\/uploads\\\/2023\\\/01\\\/logo_KTTC.svg\",\"width\":\"1024\",\"height\":\"1024\",\"caption\":\"Kraker Truck &amp; Trailer Care\"},\"image\":{\"@id\":\"https:\\\/\\\/kttc.nl\\\/#\\\/schema\\\/logo\\\/image\\\/\"},\"sameAs\":[\"https:\\\/\\\/www.facebook.com\\\/KTTCNisse\",\"https:\\\/\\\/www.instagram.com\\\/garage_kttc\\\/\"]}]}<\/script>\n<!-- \/ Yoast SEO plugin. -->","yoast_head_json":{"title":"Wartung und Reparatur - Kraker Truck &amp; Trailer Care","robots":{"index":"index","follow":"follow","max-snippet":"max-snippet:-1","max-image-preview":"max-image-preview:large","max-video-preview":"max-video-preview:-1"},"canonical":"https:\/\/kttc.nl\/de\/wartung-und-reparatur\/","og_locale":"de_DE","og_type":"article","og_title":"Wartung und Reparatur - Kraker Truck &amp; Trailer Care","og_description":"KTTC bietet ein vollst\u00e4ndiges Paket f\u00fcr die Wartung und Reparatur von abgeschleppten Fahrzeugen. Kleine Reparaturen oder gr\u00f6\u00dfere Wartungsarbeiten: KTTC \u00fcbernimmt diese Aufgabe f\u00fcr Sie. KTTC ist mit 3 modernen Werkst\u00e4tten gut daf\u00fcr ausgestattet. Eine Werkstatt dient der Wartung und Reparatur von Lkws, die beiden anderen f\u00fcr Arbeiten an abgeschleppten Ger\u00e4ten. Dar\u00fcber hinaus verf\u00fcgt KTTC \u00fcber... Mehr zu diesem Thema","og_url":"https:\/\/kttc.nl\/de\/wartung-und-reparatur\/","og_site_name":"Kraker Truck &amp; Trailer Care","article_publisher":"https:\/\/www.facebook.com\/KTTCNisse","article_modified_time":"2023-01-19T14:28:51+00:00","twitter_card":"summary_large_image","twitter_misc":{"Gesch\u00e4tzte Lesezeit":"1\u00a0Minute"},"schema":{"@context":"https:\/\/schema.org","@graph":[{"@type":"WebPage","@id":"https:\/\/kttc.nl\/de\/wartung-und-reparatur\/","url":"https:\/\/kttc.nl\/de\/wartung-und-reparatur\/","name":"Wartung und Reparatur - Kraker Truck &amp; Trailer Care","isPartOf":{"@id":"https:\/\/kttc.nl\/#website"},"datePublished":"2022-11-02T13:07:57+00:00","dateModified":"2023-01-19T14:28:51+00:00","breadcrumb":{"@id":"https:\/\/kttc.nl\/de\/wartung-und-reparatur\/#breadcrumb"},"inLanguage":"de","potentialAction":[{"@type":"ReadAction","target":["https:\/\/kttc.nl\/de\/wartung-und-reparatur\/"]}]},{"@type":"BreadcrumbList","@id":"https:\/\/kttc.nl\/de\/wartung-und-reparatur\/#breadcrumb","itemListElement":[{"@type":"ListItem","position":1,"name":"Home","item":"https:\/\/kttc.nl\/de\/"},{"@type":"ListItem","position":2,"name":"Wartung und Reparatur"}]},{"@type":"WebSite","@id":"https:\/\/kttc.nl\/#website","url":"https:\/\/kttc.nl\/","name":"Kraker Truck &amp; Trailer Care","description":"Kies voor de zekerheid van vakmanschap, kies voor KTTC! KTTC (Kraker Truck &amp; Trailer Care) repareert, reviseert en onderhoudt alle merken trucks en trailers.","publisher":{"@id":"https:\/\/kttc.nl\/#organization"},"potentialAction":[{"@type":"SearchAction","target":{"@type":"EntryPoint","urlTemplate":"https:\/\/kttc.nl\/?s={search_term_string}"},"query-input":{"@type":"PropertyValueSpecification","valueRequired":true,"valueName":"search_term_string"}}],"inLanguage":"de"},{"@type":"Organization","@id":"https:\/\/kttc.nl\/#organization","name":"Kraker Truck &amp; Trailer Care","url":"https:\/\/kttc.nl\/","logo":{"@type":"ImageObject","inLanguage":"de","@id":"https:\/\/kttc.nl\/#\/schema\/logo\/image\/","url":"https:\/\/kttc.nl\/wp-content\/uploads\/2023\/01\/logo_KTTC.svg","contentUrl":"https:\/\/kttc.nl\/wp-content\/uploads\/2023\/01\/logo_KTTC.svg","width":"1024","height":"1024","caption":"Kraker Truck &amp; Trailer Care"},"image":{"@id":"https:\/\/kttc.nl\/#\/schema\/logo\/image\/"},"sameAs":["https:\/\/www.facebook.com\/KTTCNisse","https:\/\/www.instagram.com\/garage_kttc\/"]}]}},"_links":{"self":[{"href":"https:\/\/kttc.nl\/de\/wp-json\/wp\/v2\/pages\/651","targetHints":{"allow":["GET"]}}],"collection":[{"href":"https:\/\/kttc.nl\/de\/wp-json\/wp\/v2\/pages"}],"about":[{"href":"https:\/\/kttc.nl\/de\/wp-json\/wp\/v2\/types\/page"}],"author":[{"embeddable":true,"href":"https:\/\/kttc.nl\/de\/wp-json\/wp\/v2\/users\/1"}],"replies":[{"embeddable":true,"href":"https:\/\/kttc.nl\/de\/wp-json\/wp\/v2\/comments?post=651"}],"version-history":[{"count":2,"href":"https:\/\/kttc.nl\/de\/wp-json\/wp\/v2\/pages\/651\/revisions"}],"predecessor-version":[{"id":653,"href":"https:\/\/kttc.nl\/de\/wp-json\/wp\/v2\/pages\/651\/revisions\/653"}],"wp:attachment":[{"href":"https:\/\/kttc.nl\/de\/wp-json\/wp\/v2\/media?parent=651"}],"curies":[{"name":"wp","href":"https:\/\/api.w.org\/{rel}","templated":true}]}}